{"id":4344,"date":"2025-07-17T14:45:49","date_gmt":"2025-07-17T12:45:49","guid":{"rendered":"https:\/\/www.breilpur.ch\/?post_type=product&#038;p=4344"},"modified":"2026-02-11T11:27:42","modified_gmt":"2026-02-11T10:27:42","slug":"saffron-gin-special","status":"publish","type":"product","link":"https:\/\/www.breilpur.ch\/raet-e\/produkt\/saffron-gin-special\/","title":{"rendered":"Saffron Gin (Special) \u2013 200ml"},"content":{"rendered":"[vc_row type=&#8221;in_container&#8221; full_screen_row_position=&#8221;middle&#8221; column_margin=&#8221;default&#8221; column_direction=&#8221;default&#8221; column_direction_tablet=&#8221;default&#8221; column_direction_phone=&#8221;default&#8221; bg_image=&#8221;2365&#8243; background_image_mobile_hidden=&#8221;true&#8221; bg_position=&#8221;center center&#8221; background_image_loading=&#8221;lazy-load&#8221; bg_repeat=&#8221;no-repeat&#8221; scene_position=&#8221;center&#8221; top_padding=&#8221;5%&#8221; bottom_padding=&#8221;8%&#8221; left_padding_desktop=&#8221;5%&#8221; constrain_group_2=&#8221;yes&#8221; right_padding_desktop=&#8221;5%&#8221; text_color=&#8221;dark&#8221; text_align=&#8221;center&#8221; row_border_radius=&#8221;none&#8221; row_border_radius_applies=&#8221;bg&#8221; overflow=&#8221;visible&#8221; color_overlay=&#8221;rgba(0,0,0,0.8)&#8221; advanced_gradient_angle=&#8221;0&#8243; overlay_strength=&#8221;1&#8243; gradient_direction=&#8221;left_to_right&#8221; shape_divider_position=&#8221;bottom&#8221; bg_image_animation=&#8221;none&#8221; gradient_type=&#8221;default&#8221; shape_type=&#8221;&#8221;][vc_column column_padding=&#8221;no-extra-padding&#8221; column_padding_tablet=&#8221;inherit&#8221; column_padding_phone=&#8221;inherit&#8221; column_padding_position=&#8221;all&#8221; column_element_direction_desktop=&#8221;default&#8221; column_element_spacing=&#8221;default&#8221; centered_text=&#8221;true&#8221; desktop_text_alignment=&#8221;default&#8221; tablet_text_alignment=&#8221;default&#8221; phone_text_alignment=&#8221;default&#8221; background_color_opacity=&#8221;1&#8243; background_hover_color_opacity=&#8221;1&#8243; column_backdrop_filter=&#8221;none&#8221; column_shadow=&#8221;none&#8221; column_border_radius=&#8221;none&#8221; column_link_target=&#8221;_self&#8221; column_position=&#8221;default&#8221; advanced_gradient_angle=&#8221;0&#8243; gradient_direction=&#8221;left_to_right&#8221; overlay_strength=&#8221;0.3&#8243; width=&#8221;1\/2&#8243; tablet_width_inherit=&#8221;default&#8221; animation_type=&#8221;default&#8221; bg_image_animation=&#8221;none&#8221; border_type=&#8221;simple&#8221; column_border_width=&#8221;none&#8221; column_border_style=&#8221;solid&#8221; gradient_type=&#8221;default&#8221;][vc_column_text css=&#8221;&#8221; max_width=&#8221;800&#8243; text_direction=&#8221;default&#8221;]\n<h1 style=\"text-align: center;\">Nossa Saffron Gin (Special)<\/h1>\n<p style=\"font-weight: 400; text-align: center;\">Segond la motto &#8220;B\u00fcndner Bio Gin,&#8221; nus ans avain chatt\u00e0 il safraun svizzer da Surselva durant la tschertga per novas recettas! Suenter maischas maischas e collavuraziun cun la safraunaria, avain cre\u00e0 in\u2019 experientscha gustativa unica e nossa emprima ediziun speziala \u2013 BREIL PUR Saffron Gin. Limit\u00e0 sin circa 200 bottellas! En l\u2019odor, inscun trametta in\u2019 aruma clara e fresca da juniper, cumparada cun ina nota fina da saffron. Il saffron dat in\u2019 nuanza calura, leventamain terraisa e speziada, che s\u2019armonia perfetgamaint cun las notas intensas da juniper. En la bocca, la speziatad da juniper s\u2019armonia cun la nota equilibrada da saffron, dand in gin in\u2019 profunditad eleganta e exotica senza dominar. Il gin \u00e8 pien e robust, cun ina structura speziada e ina freschezza clara. In gin aromatiz\u00e0 e equilibr\u00e0, che impressa cun sia\u2019 armonia perfetga tranter juniper e saffron \u2014 ideal da bever pur o en cocktails raffinads.<\/p>\n[\/vc_column_text][\/vc_column][vc_column column_padding=&#8221;no-extra-padding&#8221; column_padding_tablet=&#8221;inherit&#8221; column_padding_phone=&#8221;inherit&#8221; column_padding_position=&#8221;all&#8221; column_element_direction_desktop=&#8221;default&#8221; column_element_spacing=&#8221;default&#8221; desktop_text_alignment=&#8221;default&#8221; tablet_text_alignment=&#8221;default&#8221; phone_text_alignment=&#8221;default&#8221; background_color_opacity=&#8221;1&#8243; background_hover_color_opacity=&#8221;1&#8243; column_backdrop_filter=&#8221;none&#8221; column_shadow=&#8221;none&#8221; column_border_radius=&#8221;none&#8221; column_link_target=&#8221;_self&#8221; column_position=&#8221;default&#8221; gradient_direction=&#8221;left_to_right&#8221; overlay_strength=&#8221;0.3&#8243; width=&#8221;1\/2&#8243; tablet_width_inherit=&#8221;default&#8221; animation_type=&#8221;default&#8221; bg_image_animation=&#8221;none&#8221; border_type=&#8221;simple&#8221; column_border_width=&#8221;none&#8221; column_border_style=&#8221;solid&#8221;][image_with_animation image_url=&#8221;1662&#8243; image_size=&#8221;full&#8221; animation_type=&#8221;entrance&#8221; animation=&#8221;Fade In&#8221; animation_easing=&#8221;default&#8221; animation_movement_type=&#8221;transform_y&#8221; hover_animation=&#8221;none&#8221; alignment=&#8221;center&#8221; border_radius=&#8221;none&#8221; box_shadow=&#8221;none&#8221; image_loading=&#8221;default&#8221; max_width=&#8221;50%&#8221; max_width_mobile=&#8221;default&#8221;][\/vc_column][\/vc_row]\n","protected":false},"excerpt":{"rendered":"<p style=\"font-weight: 400;\">Il consil da l&#8217;\u00fcnic per tuts quels che na vulan betg il 0815. La basa da sia receta \u00e8 il distillat da noss London Dry Gin, che \u00e8 staus refined cun saffran svizzer. In gust exclusiv cun in&#8217;armonia tra juniper e saffran.<\/p>\n","protected":false},"featured_media":4517,"template":"","meta":[],"product_brand":[],"product_cat":[70],"product_tag":[],"class_list":{"0":"post-4344","1":"product","2":"type-product","3":"status-publish","4":"has-post-thumbnail","6":"product_cat-unser-gin-raet-e","7":"pa_abfuellung-12x50ml","8":"pa_abfuellung-700ml-raet-e","10":"first","11":"instock","12":"taxable","13":"shipping-taxable","14":"purchasable","15":"product-type-simple"},"yoast_head":"<!-- This site is optimized with the Yoast SEO plugin v27.5 - https:\/\/yoast.com\/product\/yoast-seo-wordpress\/ -->\n<title>Saffron Gin (Special) \u2013 200ml - Breil Pur<\/title>\n<meta name=\"description\" content=\"Unser London Dry Gin von Breil Pur wird den Gin-Liebhaber in Ihnen \u00fcberzeugen. Ein London Dry Gin der Extraklasse. Jetzt bestellen!\" \/>\n<meta name=\"robots\" content=\"index, follow, max-snippet:-1, max-image-preview:large, max-video-preview:-1\" \/>\n<link rel=\"canonical\" href=\"https:\/\/www.breilpur.ch\/raet-e\/produkt\/saffron-gin-special\/\" \/>\n<meta property=\"og:locale\" content=\"en_US\" \/>\n<meta property=\"og:type\" content=\"article\" \/>\n<meta property=\"og:title\" content=\"Saffron Gin (Special) \u2013 200ml - Breil Pur\" \/>\n<meta property=\"og:description\" content=\"Unser London Dry Gin von Breil Pur wird den Gin-Liebhaber in Ihnen \u00fcberzeugen. Ein London Dry Gin der Extraklasse. Jetzt bestellen!\" \/>\n<meta property=\"og:url\" content=\"https:\/\/www.breilpur.ch\/raet-e\/produkt\/saffron-gin-special\/\" \/>\n<meta property=\"og:site_name\" content=\"Breil Pur\" \/>\n<meta property=\"article:publisher\" content=\"https:\/\/www.facebook.com\/profile.php?id=100093531576382\" \/>\n<meta property=\"article:modified_time\" content=\"2026-02-11T10:27:42+00:00\" \/>\n<meta property=\"og:image\" content=\"https:\/\/www.breilpur.ch\/wp-content\/uploads\/2026\/02\/200ml_Saffron-Gin.webp\" \/>\n\t<meta property=\"og:image:width\" content=\"850\" \/>\n\t<meta property=\"og:image:height\" content=\"850\" \/>\n\t<meta property=\"og:image:type\" content=\"image\/webp\" \/>\n<meta name=\"twitter:card\" content=\"summary_large_image\" \/>\n<meta name=\"twitter:label1\" content=\"Est. reading time\" \/>\n\t<meta name=\"twitter:data1\" content=\"2 minutes\" \/>\n<script type=\"application\/ld+json\" class=\"yoast-schema-graph\">{\"@context\":\"https:\\\/\\\/schema.org\",\"@graph\":[{\"@type\":\"WebPage\",\"@id\":\"https:\\\/\\\/www.breilpur.ch\\\/raet-e\\\/produkt\\\/saffron-gin-special\\\/\",\"url\":\"https:\\\/\\\/www.breilpur.ch\\\/raet-e\\\/produkt\\\/saffron-gin-special\\\/\",\"name\":\"Saffron Gin (Special) \u2013 200ml - Breil Pur\",\"isPartOf\":{\"@id\":\"https:\\\/\\\/www.breilpur.ch\\\/raet-e\\\/#website\"},\"primaryImageOfPage\":{\"@id\":\"https:\\\/\\\/www.breilpur.ch\\\/raet-e\\\/produkt\\\/saffron-gin-special\\\/#primaryimage\"},\"image\":{\"@id\":\"https:\\\/\\\/www.breilpur.ch\\\/raet-e\\\/produkt\\\/saffron-gin-special\\\/#primaryimage\"},\"thumbnailUrl\":\"https:\\\/\\\/www.breilpur.ch\\\/wp-content\\\/uploads\\\/2026\\\/02\\\/200ml_Saffron-Gin.webp\",\"datePublished\":\"2025-07-17T12:45:49+00:00\",\"dateModified\":\"2026-02-11T10:27:42+00:00\",\"description\":\"Unser London Dry Gin von Breil Pur wird den Gin-Liebhaber in Ihnen \u00fcberzeugen. Ein London Dry Gin der Extraklasse. Jetzt bestellen!\",\"breadcrumb\":{\"@id\":\"https:\\\/\\\/www.breilpur.ch\\\/raet-e\\\/produkt\\\/saffron-gin-special\\\/#breadcrumb\"},\"inLanguage\":\"raet-e\",\"potentialAction\":[{\"@type\":\"ReadAction\",\"target\":[\"https:\\\/\\\/www.breilpur.ch\\\/raet-e\\\/produkt\\\/saffron-gin-special\\\/\"]}]},{\"@type\":\"ImageObject\",\"inLanguage\":\"raet-e\",\"@id\":\"https:\\\/\\\/www.breilpur.ch\\\/raet-e\\\/produkt\\\/saffron-gin-special\\\/#primaryimage\",\"url\":\"https:\\\/\\\/www.breilpur.ch\\\/wp-content\\\/uploads\\\/2026\\\/02\\\/200ml_Saffron-Gin.webp\",\"contentUrl\":\"https:\\\/\\\/www.breilpur.ch\\\/wp-content\\\/uploads\\\/2026\\\/02\\\/200ml_Saffron-Gin.webp\",\"width\":850,\"height\":850,\"caption\":\"Die 200-ml-Flasche des Saffron Gin von Breil Pur.\"},{\"@type\":\"BreadcrumbList\",\"@id\":\"https:\\\/\\\/www.breilpur.ch\\\/raet-e\\\/produkt\\\/saffron-gin-special\\\/#breadcrumb\",\"itemListElement\":[{\"@type\":\"ListItem\",\"position\":1,\"name\":\"Startseite\",\"item\":\"https:\\\/\\\/www.breilpur.ch\\\/raet-e\\\/\"},{\"@type\":\"ListItem\",\"position\":2,\"name\":\"Entwurf erstellt am 10. July 2023 um 17:42\u00a0Uhr\",\"item\":\"https:\\\/\\\/www.breilpur.ch\\\/?page_id=3906\"},{\"@type\":\"ListItem\",\"position\":3,\"name\":\"Saffron Gin (Special) \u2013 200ml\"}]},{\"@type\":\"WebSite\",\"@id\":\"https:\\\/\\\/www.breilpur.ch\\\/raet-e\\\/#website\",\"url\":\"https:\\\/\\\/www.breilpur.ch\\\/raet-e\\\/\",\"name\":\"Breil Pur\",\"description\":\"Offizielle Webseite von Breil Pur\",\"potentialAction\":[{\"@type\":\"SearchAction\",\"target\":{\"@type\":\"EntryPoint\",\"urlTemplate\":\"https:\\\/\\\/www.breilpur.ch\\\/raet-e\\\/?s={search_term_string}\"},\"query-input\":{\"@type\":\"PropertyValueSpecification\",\"valueRequired\":true,\"valueName\":\"search_term_string\"}}],\"inLanguage\":\"raet-e\"}]}<\/script>\n<!-- \/ Yoast SEO plugin. -->","yoast_head_json":{"title":"Saffron Gin (Special) \u2013 200ml - Breil Pur","description":"Unser London Dry Gin von Breil Pur wird den Gin-Liebhaber in Ihnen \u00fcberzeugen. Ein London Dry Gin der Extraklasse. Jetzt bestellen!","robots":{"index":"index","follow":"follow","max-snippet":"max-snippet:-1","max-image-preview":"max-image-preview:large","max-video-preview":"max-video-preview:-1"},"canonical":"https:\/\/www.breilpur.ch\/raet-e\/produkt\/saffron-gin-special\/","og_locale":"en_US","og_type":"article","og_title":"Saffron Gin (Special) \u2013 200ml - Breil Pur","og_description":"Unser London Dry Gin von Breil Pur wird den Gin-Liebhaber in Ihnen \u00fcberzeugen. Ein London Dry Gin der Extraklasse. Jetzt bestellen!","og_url":"https:\/\/www.breilpur.ch\/raet-e\/produkt\/saffron-gin-special\/","og_site_name":"Breil Pur","article_publisher":"https:\/\/www.facebook.com\/profile.php?id=100093531576382","article_modified_time":"2026-02-11T10:27:42+00:00","og_image":[{"width":850,"height":850,"url":"https:\/\/www.breilpur.ch\/wp-content\/uploads\/2026\/02\/200ml_Saffron-Gin.webp","type":"image\/webp"}],"twitter_card":"summary_large_image","twitter_misc":{"Est. reading time":"2 minutes"},"schema":{"@context":"https:\/\/schema.org","@graph":[{"@type":"WebPage","@id":"https:\/\/www.breilpur.ch\/raet-e\/produkt\/saffron-gin-special\/","url":"https:\/\/www.breilpur.ch\/raet-e\/produkt\/saffron-gin-special\/","name":"Saffron Gin (Special) \u2013 200ml - Breil Pur","isPartOf":{"@id":"https:\/\/www.breilpur.ch\/raet-e\/#website"},"primaryImageOfPage":{"@id":"https:\/\/www.breilpur.ch\/raet-e\/produkt\/saffron-gin-special\/#primaryimage"},"image":{"@id":"https:\/\/www.breilpur.ch\/raet-e\/produkt\/saffron-gin-special\/#primaryimage"},"thumbnailUrl":"https:\/\/www.breilpur.ch\/wp-content\/uploads\/2026\/02\/200ml_Saffron-Gin.webp","datePublished":"2025-07-17T12:45:49+00:00","dateModified":"2026-02-11T10:27:42+00:00","description":"Unser London Dry Gin von Breil Pur wird den Gin-Liebhaber in Ihnen \u00fcberzeugen. Ein London Dry Gin der Extraklasse. Jetzt bestellen!","breadcrumb":{"@id":"https:\/\/www.breilpur.ch\/raet-e\/produkt\/saffron-gin-special\/#breadcrumb"},"inLanguage":"raet-e","potentialAction":[{"@type":"ReadAction","target":["https:\/\/www.breilpur.ch\/raet-e\/produkt\/saffron-gin-special\/"]}]},{"@type":"ImageObject","inLanguage":"raet-e","@id":"https:\/\/www.breilpur.ch\/raet-e\/produkt\/saffron-gin-special\/#primaryimage","url":"https:\/\/www.breilpur.ch\/wp-content\/uploads\/2026\/02\/200ml_Saffron-Gin.webp","contentUrl":"https:\/\/www.breilpur.ch\/wp-content\/uploads\/2026\/02\/200ml_Saffron-Gin.webp","width":850,"height":850,"caption":"Die 200-ml-Flasche des Saffron Gin von Breil Pur."},{"@type":"BreadcrumbList","@id":"https:\/\/www.breilpur.ch\/raet-e\/produkt\/saffron-gin-special\/#breadcrumb","itemListElement":[{"@type":"ListItem","position":1,"name":"Startseite","item":"https:\/\/www.breilpur.ch\/raet-e\/"},{"@type":"ListItem","position":2,"name":"Entwurf erstellt am 10. July 2023 um 17:42\u00a0Uhr","item":"https:\/\/www.breilpur.ch\/?page_id=3906"},{"@type":"ListItem","position":3,"name":"Saffron Gin (Special) \u2013 200ml"}]},{"@type":"WebSite","@id":"https:\/\/www.breilpur.ch\/raet-e\/#website","url":"https:\/\/www.breilpur.ch\/raet-e\/","name":"Breil Pur","description":"Offizielle Webseite von Breil Pur","potentialAction":[{"@type":"SearchAction","target":{"@type":"EntryPoint","urlTemplate":"https:\/\/www.breilpur.ch\/raet-e\/?s={search_term_string}"},"query-input":{"@type":"PropertyValueSpecification","valueRequired":true,"valueName":"search_term_string"}}],"inLanguage":"raet-e"}]}},"_links":{"self":[{"href":"https:\/\/www.breilpur.ch\/raet-e\/wp-json\/wp\/v2\/product\/4344","targetHints":{"allow":["GET"]}}],"collection":[{"href":"https:\/\/www.breilpur.ch\/raet-e\/wp-json\/wp\/v2\/product"}],"about":[{"href":"https:\/\/www.breilpur.ch\/raet-e\/wp-json\/wp\/v2\/types\/product"}],"wp:featuredmedia":[{"embeddable":true,"href":"https:\/\/www.breilpur.ch\/raet-e\/wp-json\/wp\/v2\/media\/4517"}],"wp:attachment":[{"href":"https:\/\/www.breilpur.ch\/raet-e\/wp-json\/wp\/v2\/media?parent=4344"}],"wp:term":[{"taxonomy":"product_brand","embeddable":true,"href":"https:\/\/www.breilpur.ch\/raet-e\/wp-json\/wp\/v2\/product_brand?post=4344"},{"taxonomy":"product_cat","embeddable":true,"href":"https:\/\/www.breilpur.ch\/raet-e\/wp-json\/wp\/v2\/product_cat?post=4344"},{"taxonomy":"product_tag","embeddable":true,"href":"https:\/\/www.breilpur.ch\/raet-e\/wp-json\/wp\/v2\/product_tag?post=4344"}],"curies":[{"name":"wp","href":"https:\/\/api.w.org\/{rel}","templated":true}]}}